{"id":1372,"date":"2025-07-04T17:55:45","date_gmt":"2025-07-04T15:55:45","guid":{"rendered":"https:\/\/vagabondbudapest.com\/?page_id=1372"},"modified":"2025-07-15T14:06:17","modified_gmt":"2025-07-15T12:06:17","slug":"vagabond-dt29-informaciok","status":"publish","type":"page","link":"https:\/\/vagabondbudapest.com\/hu\/vagabond-dt29-informaciok\/","title":{"rendered":"Vagabond Downtown P29"},"content":{"rendered":"\t\t<div data-elementor-type=\"wp-page\" data-elementor-id=\"1372\" class=\"elementor elementor-1372\">\n\t\t\t\t\t\t<section class=\"elementor-section elementor-top-section elementor-element elementor-element-8889bb6 elementor-section-boxed elementor-section-height-default elementor-section-height-default\" data-id=\"8889bb6\" data-element_type=\"section\">\n\t\t\t\t\t\t<div class=\"elementor-container elementor-column-gap-default\">\n\t\t\t\t\t<div class=\"aux-parallax-section elementor-column elementor-col-100 elementor-top-column elementor-element elementor-element-9af0f52\" data-id=\"9af0f52\" data-element_type=\"column\">\n\t\t\t<div class=\"elementor-widget-wrap elementor-element-populated\">\n\t\t\t\t\t\t<div class=\"elementor-element elementor-element-fc82a6c elementor-widget elementor-widget-text-editor\" data-id=\"fc82a6c\" data-element_type=\"widget\" data-widget_type=\"text-editor.default\">\n\t\t\t\t<div class=\"elementor-widget-container\">\n\t\t\t\t\t\t\t\t\t<h2>Vagabond Downtown P29 hasznos inform\u00e1ci\u00f3k<\/h2>\t\t\t\t\t\t\t\t<\/div>\n\t\t\t\t<\/div>\n\t\t\t\t\t<\/div>\n\t\t<\/div>\n\t\t\t\t\t<\/div>\n\t\t<\/section>\n\t\t\t\t<section class=\"elementor-section elementor-top-section elementor-element elementor-element-e81c667 elementor-section-boxed elementor-section-height-default elementor-section-height-default\" data-id=\"e81c667\" data-element_type=\"section\">\n\t\t\t\t\t\t<div class=\"elementor-container elementor-column-gap-default\">\n\t\t\t\t\t<div class=\"aux-parallax-section elementor-column elementor-col-100 elementor-top-column elementor-element elementor-element-e3bb7ed\" data-id=\"e3bb7ed\" data-element_type=\"column\">\n\t\t\t<div class=\"elementor-widget-wrap elementor-element-populated\">\n\t\t\t\t\t\t<div class=\"elementor-element elementor-element-02f68c9 elementor-widget elementor-widget-text-editor\" data-id=\"02f68c9\" data-element_type=\"widget\" data-widget_type=\"text-editor.default\">\n\t\t\t\t<div class=\"elementor-widget-container\">\n\t\t\t\t\t\t\t\t\t<p><strong>Csal\u00e1di szoba1-4 f\u0151re<\/strong>\u00a0\u2013 30 m2 \u2013 a szob\u00e1k f\u00e9lig szepar\u00e1ltak, felszerelt konyha, francia\u00e1gy (160\u00d7200), kanap\u00e9\u00e1gy (140\u00d7200), eleg\u00e1ns f\u00fcrd\u0151 &amp; WC<\/p><p>\u00a0<\/p><p><em>Licence No: PA25112872<\/em><\/p>\t\t\t\t\t\t\t\t<\/div>\n\t\t\t\t<\/div>\n\t\t\t\t\t<\/div>\n\t\t<\/div>\n\t\t\t\t\t<\/div>\n\t\t<\/section>\n\t\t\t\t<section class=\"elementor-section elementor-top-section elementor-element elementor-element-fe6ba61 elementor-section-boxed elementor-section-height-default elementor-section-height-default\" data-id=\"fe6ba61\" data-element_type=\"section\">\n\t\t\t\t\t\t<div class=\"elementor-container elementor-column-gap-default\">\n\t\t\t\t\t<div class=\"aux-parallax-section elementor-column elementor-col-100 elementor-top-column elementor-element elementor-element-e795d5c\" data-id=\"e795d5c\" data-element_type=\"column\">\n\t\t\t<div class=\"elementor-widget-wrap elementor-element-populated\">\n\t\t\t\t\t\t<div class=\"elementor-element elementor-element-b48f431 elementor-widget elementor-widget-text-editor\" data-id=\"b48f431\" data-element_type=\"widget\" data-widget_type=\"text-editor.default\">\n\t\t\t\t<div class=\"elementor-widget-container\">\n\t\t\t\t\t\t\t\t\t<p><em>Szolg\u00e1ltat\u00e1sok:<\/em><\/p><ul><li>K\u00f6zponti elhelyezked\u00e9s<\/li><li>Szob\u00e1k \u00e9s lakoszt\u00e1lyok 1-4 f\u0151re<\/li><li>Parkol\u00e1s az \u00e9p\u00fcletben (30 EUR)<\/li><li>B\u00fcf\u00e9 Reggeli az \u00e9p\u00fcletben 7:30-10:30 \u00f3ra k\u00f6z\u00f6tt (18 EUR\/f\u0151)<\/li><li>Recepci\u00f3 (8-20 \u00f3ra k\u00f6z\u00f6tt)<\/li><li>T\u00f6bbnyelv\u0171 szem\u00e9lyzet<\/li><li>V\u00e9gtakar\u00edt\u00e1s<\/li><li>K\u00f6z\u00f6s helyis\u00e9g<\/li><li>Ingyenes WIFI internet<\/li><li>K\u00f6zeli rept\u00e9ri busz<\/li><li>L\u00e9gkond\u00edcion\u00e1l\u00e1s<\/li><li>K\u00f6zelben b\u00e1rok \u00e9s \u00e9ttermek<\/li><li>AMEX \/ MASTER \/ VISA k\u00e1rtya elfogad\u00e1s<\/li><li>Rept\u00e9rr\u0151l: 100 E busz a DE\u00c1K FERENC T\u00c9R meg\u00e1ll\u00f3ig majd s\u00e9ta<\/li><li>Vas\u00fatr\u00f3l \u00e9s buszp\u00e1lyaudvarr\u00f3l: metr\u00f3 a DE\u00c1K FERENC T\u00c9R meg\u00e1ll\u00f3ig<\/li><\/ul>\t\t\t\t\t\t\t\t<\/div>\n\t\t\t\t<\/div>\n\t\t\t\t\t<\/div>\n\t\t<\/div>\n\t\t\t\t\t<\/div>\n\t\t<\/section>\n\t\t\t\t<section class=\"elementor-section elementor-top-section elementor-element elementor-element-d9eb8a6 elementor-section-boxed elementor-section-height-default elementor-section-height-default\" data-id=\"d9eb8a6\" data-element_type=\"section\">\n\t\t\t\t\t\t<div class=\"elementor-container elementor-column-gap-default\">\n\t\t\t\t\t<div class=\"aux-parallax-section elementor-column elementor-col-100 elementor-top-column elementor-element elementor-element-a872c1f\" data-id=\"a872c1f\" data-element_type=\"column\">\n\t\t\t<div class=\"elementor-widget-wrap elementor-element-populated\">\n\t\t\t\t\t\t<div class=\"elementor-element elementor-element-03dadc2 elementor-widget elementor-widget-image\" data-id=\"03dadc2\" data-element_type=\"widget\" data-widget_type=\"image.default\">\n\t\t\t\t<div class=\"elementor-widget-container\">\n\t\t\t\t\t\t\t\t\t\t\t\t\t\t\t<img fetchpriority=\"high\" decoding=\"async\" width=\"1024\" height=\"768\" src=\"https:\/\/vagabondbudapest.com\/wp-content\/uploads\/2025\/07\/592567599-1.jpg\" class=\"attachment-large size-large wp-image-2144\" alt=\"\" \/>\t\t\t\t\t\t\t\t\t\t\t\t\t\t\t<\/div>\n\t\t\t\t<\/div>\n\t\t\t\t<div class=\"elementor-element elementor-element-1ce60bf elementor-widget elementor-widget-image\" data-id=\"1ce60bf\" data-element_type=\"widget\" data-widget_type=\"image.default\">\n\t\t\t\t<div class=\"elementor-widget-container\">\n\t\t\t\t\t\t\t\t\t\t\t\t\t\t\t<img decoding=\"async\" width=\"1024\" height=\"1024\" src=\"https:\/\/vagabondbudapest.com\/wp-content\/uploads\/2025\/07\/6-1024x1024.jpg\" class=\"attachment-large size-large wp-image-2163\" alt=\"\" srcset=\"https:\/\/vagabondbudapest.com\/wp-content\/uploads\/2025\/07\/6-1024x1024.jpg 1024w, https:\/\/vagabondbudapest.com\/wp-content\/uploads\/2025\/07\/6-300x300.jpg 300w, https:\/\/vagabondbudapest.com\/wp-content\/uploads\/2025\/07\/6-150x150.jpg 150w, https:\/\/vagabondbudapest.com\/wp-content\/uploads\/2025\/07\/6-768x768.jpg 768w\" sizes=\"(max-width: 1024px) 100vw, 1024px\" \/>\t\t\t\t\t\t\t\t\t\t\t\t\t\t\t<\/div>\n\t\t\t\t<\/div>\n\t\t\t\t<div class=\"elementor-element elementor-element-a18373a elementor-widget elementor-widget-image\" data-id=\"a18373a\" data-element_type=\"widget\" data-widget_type=\"image.default\">\n\t\t\t\t<div class=\"elementor-widget-container\">\n\t\t\t\t\t\t\t\t\t\t\t\t\t\t\t<img decoding=\"async\" width=\"1024\" height=\"1024\" src=\"https:\/\/vagabondbudapest.com\/wp-content\/uploads\/2025\/07\/AG_20160715_0006-1024x1024.jpg\" class=\"attachment-large size-large wp-image-2173\" alt=\"\" srcset=\"https:\/\/vagabondbudapest.com\/wp-content\/uploads\/2025\/07\/AG_20160715_0006-1024x1024.jpg 1024w, https:\/\/vagabondbudapest.com\/wp-content\/uploads\/2025\/07\/AG_20160715_0006-300x300.jpg 300w, https:\/\/vagabondbudapest.com\/wp-content\/uploads\/2025\/07\/AG_20160715_0006-150x150.jpg 150w, https:\/\/vagabondbudapest.com\/wp-content\/uploads\/2025\/07\/AG_20160715_0006-768x768.jpg 768w\" sizes=\"(max-width: 1024px) 100vw, 1024px\" \/>\t\t\t\t\t\t\t\t\t\t\t\t\t\t\t<\/div>\n\t\t\t\t<\/div>\n\t\t\t\t<div class=\"elementor-element elementor-element-1a720a5 elementor-widget elementor-widget-image\" data-id=\"1a720a5\" data-element_type=\"widget\" data-widget_type=\"image.default\">\n\t\t\t\t<div class=\"elementor-widget-container\">\n\t\t\t\t\t\t\t\t\t\t\t\t\t\t\t<img loading=\"lazy\" decoding=\"async\" width=\"1024\" height=\"1024\" src=\"https:\/\/vagabondbudapest.com\/wp-content\/uploads\/2025\/07\/AG_20160715_0175-1024x1024.jpg\" class=\"attachment-large size-large wp-image-2169\" alt=\"\" srcset=\"https:\/\/vagabondbudapest.com\/wp-content\/uploads\/2025\/07\/AG_20160715_0175-1024x1024.jpg 1024w, https:\/\/vagabondbudapest.com\/wp-content\/uploads\/2025\/07\/AG_20160715_0175-300x300.jpg 300w, https:\/\/vagabondbudapest.com\/wp-content\/uploads\/2025\/07\/AG_20160715_0175-150x150.jpg 150w, https:\/\/vagabondbudapest.com\/wp-content\/uploads\/2025\/07\/AG_20160715_0175-768x768.jpg 768w\" sizes=\"(max-width: 1024px) 100vw, 1024px\" \/>\t\t\t\t\t\t\t\t\t\t\t\t\t\t\t<\/div>\n\t\t\t\t<\/div>\n\t\t\t\t<div class=\"elementor-element elementor-element-806a34f elementor-widget elementor-widget-image\" data-id=\"806a34f\" data-element_type=\"widget\" data-widget_type=\"image.default\">\n\t\t\t\t<div class=\"elementor-widget-container\">\n\t\t\t\t\t\t\t\t\t\t\t\t\t\t\t<img loading=\"lazy\" decoding=\"async\" width=\"1024\" height=\"1024\" src=\"https:\/\/vagabondbudapest.com\/wp-content\/uploads\/2025\/07\/Copy-of-Copy-of-106201924-1-1024x1024.jpg\" class=\"attachment-large size-large wp-image-2167\" alt=\"\" srcset=\"https:\/\/vagabondbudapest.com\/wp-content\/uploads\/2025\/07\/Copy-of-Copy-of-106201924-1-1024x1024.jpg 1024w, https:\/\/vagabondbudapest.com\/wp-content\/uploads\/2025\/07\/Copy-of-Copy-of-106201924-1-300x300.jpg 300w, https:\/\/vagabondbudapest.com\/wp-content\/uploads\/2025\/07\/Copy-of-Copy-of-106201924-1-150x150.jpg 150w, https:\/\/vagabondbudapest.com\/wp-content\/uploads\/2025\/07\/Copy-of-Copy-of-106201924-1-768x768.jpg 768w\" sizes=\"(max-width: 1024px) 100vw, 1024px\" \/>\t\t\t\t\t\t\t\t\t\t\t\t\t\t\t<\/div>\n\t\t\t\t<\/div>\n\t\t\t\t<div class=\"elementor-element elementor-element-2ca15cc elementor-widget elementor-widget-image\" data-id=\"2ca15cc\" data-element_type=\"widget\" data-widget_type=\"image.default\">\n\t\t\t\t<div class=\"elementor-widget-container\">\n\t\t\t\t\t\t\t\t\t\t\t\t\t\t\t<img loading=\"lazy\" decoding=\"async\" width=\"1024\" height=\"1024\" src=\"https:\/\/vagabondbudapest.com\/wp-content\/uploads\/2025\/07\/8-1024x1024.jpg\" class=\"attachment-large size-large wp-image-2161\" alt=\"\" srcset=\"https:\/\/vagabondbudapest.com\/wp-content\/uploads\/2025\/07\/8-1024x1024.jpg 1024w, https:\/\/vagabondbudapest.com\/wp-content\/uploads\/2025\/07\/8-300x300.jpg 300w, https:\/\/vagabondbudapest.com\/wp-content\/uploads\/2025\/07\/8-150x150.jpg 150w, https:\/\/vagabondbudapest.com\/wp-content\/uploads\/2025\/07\/8-768x768.jpg 768w\" sizes=\"(max-width: 1024px) 100vw, 1024px\" \/>\t\t\t\t\t\t\t\t\t\t\t\t\t\t\t<\/div>\n\t\t\t\t<\/div>\n\t\t\t\t<div class=\"elementor-element elementor-element-18d1e68 elementor-widget elementor-widget-image\" data-id=\"18d1e68\" data-element_type=\"widget\" data-widget_type=\"image.default\">\n\t\t\t\t<div class=\"elementor-widget-container\">\n\t\t\t\t\t\t\t\t\t\t\t\t\t\t\t<img loading=\"lazy\" decoding=\"async\" width=\"431\" height=\"768\" src=\"https:\/\/vagabondbudapest.com\/wp-content\/uploads\/2025\/07\/ez3.jpg\" class=\"attachment-large size-large wp-image-2146\" alt=\"\" \/>\t\t\t\t\t\t\t\t\t\t\t\t\t\t\t<\/div>\n\t\t\t\t<\/div>\n\t\t\t\t<div class=\"elementor-element elementor-element-5b36e27 elementor-widget elementor-widget-image\" data-id=\"5b36e27\" data-element_type=\"widget\" data-widget_type=\"image.default\">\n\t\t\t\t<div class=\"elementor-widget-container\">\n\t\t\t\t\t\t\t\t\t\t\t\t\t\t\t<img loading=\"lazy\" decoding=\"async\" width=\"1024\" height=\"768\" src=\"https:\/\/vagabondbudapest.com\/wp-content\/uploads\/2025\/07\/592567601.jpg\" class=\"attachment-large size-large wp-image-2142\" alt=\"\" \/>\t\t\t\t\t\t\t\t\t\t\t\t\t\t\t<\/div>\n\t\t\t\t<\/div>\n\t\t\t\t<div class=\"elementor-element elementor-element-36cb5b1 elementor-widget elementor-widget-image\" data-id=\"36cb5b1\" data-element_type=\"widget\" data-widget_type=\"image.default\">\n\t\t\t\t<div class=\"elementor-widget-container\">\n\t\t\t\t\t\t\t\t\t\t\t\t\t\t\t<img loading=\"lazy\" decoding=\"async\" width=\"576\" height=\"768\" src=\"https:\/\/vagabondbudapest.com\/wp-content\/uploads\/2025\/07\/326316919-1.jpg\" class=\"attachment-large size-large wp-image-2140\" alt=\"\" \/>\t\t\t\t\t\t\t\t\t\t\t\t\t\t\t<\/div>\n\t\t\t\t<\/div>\n\t\t\t\t<div class=\"elementor-element elementor-element-769e490 elementor-widget elementor-widget-image\" data-id=\"769e490\" data-element_type=\"widget\" data-widget_type=\"image.default\">\n\t\t\t\t<div class=\"elementor-widget-container\">\n\t\t\t\t\t\t\t\t\t\t\t\t\t\t\t<img loading=\"lazy\" decoding=\"async\" width=\"1024\" height=\"673\" src=\"https:\/\/vagabondbudapest.com\/wp-content\/uploads\/2025\/07\/ez2.jpg\" class=\"attachment-large size-large wp-image-2138\" alt=\"\" \/>\t\t\t\t\t\t\t\t\t\t\t\t\t\t\t<\/div>\n\t\t\t\t<\/div>\n\t\t\t\t<div class=\"elementor-element elementor-element-eb71df5 elementor-widget elementor-widget-image\" data-id=\"eb71df5\" data-element_type=\"widget\" data-widget_type=\"image.default\">\n\t\t\t\t<div class=\"elementor-widget-container\">\n\t\t\t\t\t\t\t\t\t\t\t\t\t\t\t<img loading=\"lazy\" decoding=\"async\" width=\"1024\" height=\"1024\" src=\"https:\/\/vagabondbudapest.com\/wp-content\/uploads\/2025\/07\/IMG_3343-1-1024x1024.jpg\" class=\"attachment-large size-large wp-image-2136\" alt=\"\" srcset=\"https:\/\/vagabondbudapest.com\/wp-content\/uploads\/2025\/07\/IMG_3343-1-1024x1024.jpg 1024w, https:\/\/vagabondbudapest.com\/wp-content\/uploads\/2025\/07\/IMG_3343-1-300x300.jpg 300w, https:\/\/vagabondbudapest.com\/wp-content\/uploads\/2025\/07\/IMG_3343-1-150x150.jpg 150w, https:\/\/vagabondbudapest.com\/wp-content\/uploads\/2025\/07\/IMG_3343-1-768x768.jpg 768w\" sizes=\"(max-width: 1024px) 100vw, 1024px\" \/>\t\t\t\t\t\t\t\t\t\t\t\t\t\t\t<\/div>\n\t\t\t\t<\/div>\n\t\t\t\t<div class=\"elementor-element elementor-element-4ae7d11 elementor-widget elementor-widget-image\" data-id=\"4ae7d11\" data-element_type=\"widget\" data-widget_type=\"image.default\">\n\t\t\t\t<div class=\"elementor-widget-container\">\n\t\t\t\t\t\t\t\t\t\t\t\t\t\t\t<img loading=\"lazy\" decoding=\"async\" width=\"1024\" height=\"1024\" src=\"https:\/\/vagabondbudapest.com\/wp-content\/uploads\/2025\/07\/Copy-of-104961716-1-1024x1024.jpg\" class=\"attachment-large size-large wp-image-2115\" alt=\"\" srcset=\"https:\/\/vagabondbudapest.com\/wp-content\/uploads\/2025\/07\/Copy-of-104961716-1-1024x1024.jpg 1024w, https:\/\/vagabondbudapest.com\/wp-content\/uploads\/2025\/07\/Copy-of-104961716-1-300x300.jpg 300w, https:\/\/vagabondbudapest.com\/wp-content\/uploads\/2025\/07\/Copy-of-104961716-1-150x150.jpg 150w, https:\/\/vagabondbudapest.com\/wp-content\/uploads\/2025\/07\/Copy-of-104961716-1-768x768.jpg 768w\" sizes=\"(max-width: 1024px) 100vw, 1024px\" \/>\t\t\t\t\t\t\t\t\t\t\t\t\t\t\t<\/div>\n\t\t\t\t<\/div>\n\t\t\t\t<div class=\"elementor-element elementor-element-44f3a3d elementor-widget elementor-widget-image\" data-id=\"44f3a3d\" data-element_type=\"widget\" data-widget_type=\"image.default\">\n\t\t\t\t<div class=\"elementor-widget-container\">\n\t\t\t\t\t\t\t\t\t\t\t\t\t\t\t<img loading=\"lazy\" decoding=\"async\" width=\"1024\" height=\"1024\" src=\"https:\/\/vagabondbudapest.com\/wp-content\/uploads\/2025\/07\/AG_20160715_0033-1024x1024.jpg\" class=\"attachment-large size-large wp-image-2100\" alt=\"\" srcset=\"https:\/\/vagabondbudapest.com\/wp-content\/uploads\/2025\/07\/AG_20160715_0033-1024x1024.jpg 1024w, https:\/\/vagabondbudapest.com\/wp-content\/uploads\/2025\/07\/AG_20160715_0033-300x300.jpg 300w, https:\/\/vagabondbudapest.com\/wp-content\/uploads\/2025\/07\/AG_20160715_0033-150x150.jpg 150w, https:\/\/vagabondbudapest.com\/wp-content\/uploads\/2025\/07\/AG_20160715_0033-768x768.jpg 768w\" sizes=\"(max-width: 1024px) 100vw, 1024px\" \/>\t\t\t\t\t\t\t\t\t\t\t\t\t\t\t<\/div>\n\t\t\t\t<\/div>\n\t\t\t\t<div class=\"elementor-element elementor-element-297c3a5 elementor-widget elementor-widget-image\" data-id=\"297c3a5\" data-element_type=\"widget\" data-widget_type=\"image.default\">\n\t\t\t\t<div class=\"elementor-widget-container\">\n\t\t\t\t\t\t\t\t\t\t\t\t\t\t\t<img loading=\"lazy\" decoding=\"async\" width=\"1024\" height=\"1024\" src=\"https:\/\/vagabondbudapest.com\/wp-content\/uploads\/2025\/07\/IMG_3358-1024x1024.jpg\" class=\"attachment-large size-large wp-image-1563\" alt=\"\" srcset=\"https:\/\/vagabondbudapest.com\/wp-content\/uploads\/2025\/07\/IMG_3358-1024x1024.jpg 1024w, https:\/\/vagabondbudapest.com\/wp-content\/uploads\/2025\/07\/IMG_3358-300x300.jpg 300w, https:\/\/vagabondbudapest.com\/wp-content\/uploads\/2025\/07\/IMG_3358-150x150.jpg 150w, https:\/\/vagabondbudapest.com\/wp-content\/uploads\/2025\/07\/IMG_3358-768x768.jpg 768w\" sizes=\"(max-width: 1024px) 100vw, 1024px\" \/>\t\t\t\t\t\t\t\t\t\t\t\t\t\t\t<\/div>\n\t\t\t\t<\/div>\n\t\t\t\t<div class=\"elementor-element elementor-element-f21868f elementor-widget elementor-widget-image\" data-id=\"f21868f\" data-element_type=\"widget\" data-widget_type=\"image.default\">\n\t\t\t\t<div class=\"elementor-widget-container\">\n\t\t\t\t\t\t\t\t\t\t\t\t\t\t\t<img loading=\"lazy\" decoding=\"async\" width=\"1024\" height=\"1024\" src=\"https:\/\/vagabondbudapest.com\/wp-content\/uploads\/2025\/07\/IMG_3362-1024x1024.jpg\" class=\"attachment-large size-large wp-image-1561\" alt=\"\" srcset=\"https:\/\/vagabondbudapest.com\/wp-content\/uploads\/2025\/07\/IMG_3362-1024x1024.jpg 1024w, https:\/\/vagabondbudapest.com\/wp-content\/uploads\/2025\/07\/IMG_3362-300x300.jpg 300w, https:\/\/vagabondbudapest.com\/wp-content\/uploads\/2025\/07\/IMG_3362-150x150.jpg 150w, https:\/\/vagabondbudapest.com\/wp-content\/uploads\/2025\/07\/IMG_3362-768x768.jpg 768w\" sizes=\"(max-width: 1024px) 100vw, 1024px\" \/>\t\t\t\t\t\t\t\t\t\t\t\t\t\t\t<\/div>\n\t\t\t\t<\/div>\n\t\t\t\t\t<\/div>\n\t\t<\/div>\n\t\t\t\t\t<\/div>\n\t\t<\/section>\n\t\t\t\t<section class=\"elementor-section elementor-top-section elementor-element elementor-element-9884d4d elementor-section-boxed elementor-section-height-default elementor-section-height-default\" data-id=\"9884d4d\" data-element_type=\"section\">\n\t\t\t\t\t\t<div class=\"elementor-container elementor-column-gap-default\">\n\t\t\t\t\t<div class=\"aux-parallax-section elementor-column elementor-col-100 elementor-top-column elementor-element elementor-element-9854237\" data-id=\"9854237\" data-element_type=\"column\">\n\t\t\t<div class=\"elementor-widget-wrap\">\n\t\t\t\t\t\t\t<\/div>\n\t\t<\/div>\n\t\t\t\t\t<\/div>\n\t\t<\/section>\n\t\t\t\t<section class=\"elementor-section elementor-top-section elementor-element elementor-element-0cc8e78 elementor-section-boxed elementor-section-height-default elementor-section-height-default\" data-id=\"0cc8e78\" data-element_type=\"section\">\n\t\t\t\t\t\t<div class=\"elementor-container elementor-column-gap-default\">\n\t\t\t\t\t<div class=\"aux-parallax-section elementor-column elementor-col-100 elementor-top-column elementor-element elementor-element-31ccb8a\" data-id=\"31ccb8a\" data-element_type=\"column\">\n\t\t\t<div class=\"elementor-widget-wrap elementor-element-populated\">\n\t\t\t\t\t\t<div class=\"elementor-element elementor-element-875c705 elementor-widget elementor-widget-image\" data-id=\"875c705\" data-element_type=\"widget\" data-widget_type=\"image.default\">\n\t\t\t\t<div class=\"elementor-widget-container\">\n\t\t\t\t\t\t\t\t\t\t\t\t\t\t\t<img loading=\"lazy\" decoding=\"async\" width=\"1024\" height=\"728\" src=\"https:\/\/vagabondbudapest.com\/wp-content\/uploads\/2025\/07\/recepcio-kep-2.jpg\" class=\"attachment-large size-large wp-image-2269\" alt=\"\" \/>\t\t\t\t\t\t\t\t\t\t\t\t\t\t\t<\/div>\n\t\t\t\t<\/div>\n\t\t\t\t\t<\/div>\n\t\t<\/div>\n\t\t\t\t\t<\/div>\n\t\t<\/section>\n\t\t\t\t<\/div>\n\t\t","protected":false},"excerpt":{"rendered":"<p>Vagabond Downtown P29 hasznos inform\u00e1ci\u00f3k Csal\u00e1di szoba1-4 f\u0151re\u00a0\u2013 30 m2 \u2013 a szob\u00e1k f\u00e9lig szepar\u00e1ltak, felszerelt konyha, francia\u00e1gy (160\u00d7200), kanap\u00e9\u00e1gy (140\u00d7200), eleg\u00e1ns f\u00fcrd\u0151 &amp; WC \u00a0 Licence No: PA25112872 Szolg\u00e1ltat\u00e1sok: K\u00f6zponti elhelyezked\u00e9s Szob\u00e1k \u00e9s lakoszt\u00e1lyok 1-4 f\u0151re Parkol\u00e1s az \u00e9p\u00fcletben (30 EUR) B\u00fcf\u00e9 Reggeli az \u00e9p\u00fcletben 7:30-10:30 \u00f3ra k\u00f6z\u00f6tt (18 EUR\/f\u0151) Recepci\u00f3 (8-20 \u00f3ra k\u00f6z\u00f6tt) [&hellip;]<\/p>\n","protected":false},"author":5,"featured_media":0,"parent":0,"menu_order":0,"comment_status":"closed","ping_status":"closed","template":"","meta":{"footnotes":""},"class_list":["post-1372","page","type-page","status-publish","hentry"],"aioseo_notices":[],"_links":{"self":[{"href":"https:\/\/vagabondbudapest.com\/hu\/wp-json\/wp\/v2\/pages\/1372","targetHints":{"allow":["GET"]}}],"collection":[{"href":"https:\/\/vagabondbudapest.com\/hu\/wp-json\/wp\/v2\/pages"}],"about":[{"href":"https:\/\/vagabondbudapest.com\/hu\/wp-json\/wp\/v2\/types\/page"}],"author":[{"embeddable":true,"href":"https:\/\/vagabondbudapest.com\/hu\/wp-json\/wp\/v2\/users\/5"}],"replies":[{"embeddable":true,"href":"https:\/\/vagabondbudapest.com\/hu\/wp-json\/wp\/v2\/comments?post=1372"}],"version-history":[{"count":48,"href":"https:\/\/vagabondbudapest.com\/hu\/wp-json\/wp\/v2\/pages\/1372\/revisions"}],"predecessor-version":[{"id":2499,"href":"https:\/\/vagabondbudapest.com\/hu\/wp-json\/wp\/v2\/pages\/1372\/revisions\/2499"}],"wp:attachment":[{"href":"https:\/\/vagabondbudapest.com\/hu\/wp-json\/wp\/v2\/media?parent=1372"}],"curies":[{"name":"wp","href":"https:\/\/api.w.org\/{rel}","templated":true}]}}