{"id":779,"date":"2021-05-05T11:19:36","date_gmt":"2021-05-05T09:19:36","guid":{"rendered":"https:\/\/vagabondbudapest.com\/?page_id=779"},"modified":"2025-07-14T16:49:50","modified_gmt":"2025-07-14T14:49:50","slug":"ejszakai-recepcios-allas","status":"publish","type":"page","link":"https:\/\/vagabondbudapest.com\/hu\/ejszakai-recepcios-allas\/","title":{"rendered":"\u00c9jszakai Recepci\u00f3s \u00e1ll\u00e1s"},"content":{"rendered":"\t\t<div data-elementor-type=\"wp-page\" data-elementor-id=\"779\" class=\"elementor elementor-779\">\n\t\t\t\t\t\t<section class=\"elementor-section elementor-top-section elementor-element elementor-element-67277890 elementor-section-stretched elementor-section-full_width elementor-section-height-min-height elementor-section-height-default elementor-section-items-middle\" data-id=\"67277890\" data-element_type=\"section\" data-settings=\"{&quot;stretch_section&quot;:&quot;section-stretched&quot;,&quot;background_background&quot;:&quot;classic&quot;}\">\n\t\t\t\t\t\t\t<div class=\"elementor-background-overlay\"><\/div>\n\t\t\t\t\t\t\t<div class=\"elementor-container elementor-column-gap-default\">\n\t\t\t\t\t<div class=\"aux-parallax-section elementor-column elementor-col-66 elementor-top-column elementor-element elementor-element-578ff7da\" data-id=\"578ff7da\" data-element_type=\"column\">\n\t\t\t<div class=\"elementor-widget-wrap elementor-element-populated\">\n\t\t\t\t\t\t<div class=\"elementor-element elementor-element-1b4f40c2 animated-slow elementor-invisible elementor-widget elementor-widget-image\" data-id=\"1b4f40c2\" data-element_type=\"widget\" data-settings=\"{&quot;_animation&quot;:&quot;fadeIn&quot;}\" data-widget_type=\"image.default\">\n\t\t\t\t<div class=\"elementor-widget-container\">\n\t\t\t\t\t\t\t\t\t\t\t\t\t\t\t\t<a href=\"https:\/\/vagabondbudapest.com\/\">\n\t\t\t\t\t\t\t<img decoding=\"async\" src=\"https:\/\/vagabondbudapest.com\/wp-content\/uploads\/elementor\/thumbs\/vagabond-collection-600px-ol4j3tdrws8cgpnwpxxdyljsel1iy8swau4nzkr058.png\" title=\"vagabond-collection-600px\" alt=\"vagabond-collection-600px\" loading=\"lazy\" \/>\t\t\t\t\t\t\t\t<\/a>\n\t\t\t\t\t\t\t\t\t\t\t\t\t\t\t<\/div>\n\t\t\t\t<\/div>\n\t\t\t\t\t<\/div>\n\t\t<\/div>\n\t\t\t\t<div class=\"aux-parallax-section elementor-column elementor-col-33 elementor-top-column elementor-element elementor-element-1e96c8fd\" data-id=\"1e96c8fd\" data-element_type=\"column\">\n\t\t\t<div class=\"elementor-widget-wrap elementor-element-populated\">\n\t\t\t\t\t\t<section class=\"elementor-section elementor-inner-section elementor-element elementor-element-40b42813 elementor-section-boxed elementor-section-height-default elementor-section-height-default\" data-id=\"40b42813\" data-element_type=\"section\">\n\t\t\t\t\t\t<div class=\"elementor-container elementor-column-gap-default\">\n\t\t\t\t\t<div class=\"aux-parallax-section elementor-column elementor-col-33 elementor-inner-column elementor-element elementor-element-43c43051 elementor-hidden-phone elementor-hidden-tablet\" data-id=\"43c43051\" data-element_type=\"column\">\n\t\t\t<div class=\"elementor-widget-wrap elementor-element-populated\">\n\t\t\t\t\t\t<div class=\"elementor-element elementor-element-4084c92a elementor-widget elementor-widget-shortcode\" data-id=\"4084c92a\" data-element_type=\"widget\" data-widget_type=\"shortcode.default\">\n\t\t\t\t<div class=\"elementor-widget-container\">\n\t\t\t\t\t\t\t<div class=\"elementor-shortcode\">\n<div class=\"lang_sel_list_horizontal wpml-ls-statics-shortcode_actions wpml-ls wpml-ls-legacy-list-horizontal\" id=\"lang_sel_list\">\n\t<ul><li class=\"icl-hu wpml-ls-slot-shortcode_actions wpml-ls-item wpml-ls-item-hu wpml-ls-current-language wpml-ls-first-item wpml-ls-item-legacy-list-horizontal\">\n\t\t\t\t<a href=\"https:\/\/vagabondbudapest.com\/hu\/\" class=\"wpml-ls-link\">\n                                                        <img decoding=\"async\"\n            class=\"wpml-ls-flag iclflag\"\n            src=\"https:\/\/vagabondbudapest.com\/wp-content\/plugins\/sitepress-multilingual-cms\/res\/flags\/hu.png\"\n            alt=\"Magyar\"\n            width=18\n            height=12\n    \/><\/a>\n\t\t\t<\/li><li class=\"icl-en wpml-ls-slot-shortcode_actions wpml-ls-item wpml-ls-item-en wpml-ls-last-item wpml-ls-item-legacy-list-horizontal\">\n\t\t\t\t<a href=\"https:\/\/vagabondbudapest.com\/\" class=\"wpml-ls-link\">\n                                                        <img decoding=\"async\"\n            class=\"wpml-ls-flag iclflag\"\n            src=\"https:\/\/vagabondbudapest.com\/wp-content\/plugins\/sitepress-multilingual-cms\/res\/flags\/en.png\"\n            alt=\"angol\"\n            width=18\n            height=12\n    \/><\/a>\n\t\t\t<\/li><\/ul>\n<\/div>\n<\/div>\n\t\t\t\t\t\t<\/div>\n\t\t\t\t<\/div>\n\t\t\t\t\t<\/div>\n\t\t<\/div>\n\t\t\t\t<div class=\"aux-parallax-section elementor-column elementor-col-33 elementor-inner-column elementor-element elementor-element-331d49a9\" data-id=\"331d49a9\" data-element_type=\"column\">\n\t\t\t<div class=\"elementor-widget-wrap elementor-element-populated\">\n\t\t\t\t\t\t<div class=\"elementor-element elementor-element-55e39d46 elementor-view-default elementor-invisible elementor-widget elementor-widget-icon\" data-id=\"55e39d46\" data-element_type=\"widget\" data-settings=\"{&quot;_animation&quot;:&quot;fadeIn&quot;}\" data-widget_type=\"icon.default\">\n\t\t\t\t<div class=\"elementor-widget-container\">\n\t\t\t\t\t\t\t<div class=\"elementor-icon-wrapper\">\n\t\t\t<a class=\"elementor-icon\" href=\"https:\/\/www.instagram.com\/vagabondhotelsbudapest\/\" target=\"_blank\">\n\t\t\t<svg xmlns=\"http:\/\/www.w3.org\/2000\/svg\" viewBox=\"0 0 512.00096 512.00096\"><path d=\"m373.40625 0h-234.8125c-76.421875 0-138.59375 62.171875-138.59375 138.59375v234.816406c0 76.417969 62.171875 138.589844 138.59375 138.589844h234.816406c76.417969 0 138.589844-62.171875 138.589844-138.589844v-234.816406c0-76.421875-62.171875-138.59375-138.59375-138.59375zm108.578125 373.410156c0 59.867188-48.707031 108.574219-108.578125 108.574219h-234.8125c-59.871094 0-108.578125-48.707031-108.578125-108.574219v-234.816406c0-59.871094 48.707031-108.578125 108.578125-108.578125h234.816406c59.867188 0 108.574219 48.707031 108.574219 108.578125zm0 0\"><\/path><path d=\"m256 116.003906c-77.195312 0-139.996094 62.800782-139.996094 139.996094s62.800782 139.996094 139.996094 139.996094 139.996094-62.800782 139.996094-139.996094-62.800782-139.996094-139.996094-139.996094zm0 249.976563c-60.640625 0-109.980469-49.335938-109.980469-109.980469 0-60.640625 49.339844-109.980469 109.980469-109.980469 60.644531 0 109.980469 49.339844 109.980469 109.980469 0 60.644531-49.335938 109.980469-109.980469 109.980469zm0 0\"><\/path><path d=\"m399.34375 66.285156c-22.8125 0-41.367188 18.558594-41.367188 41.367188 0 22.8125 18.554688 41.371094 41.367188 41.371094s41.371094-18.558594 41.371094-41.371094-18.558594-41.367188-41.371094-41.367188zm0 52.71875c-6.257812 0-11.351562-5.09375-11.351562-11.351562 0-6.261719 5.09375-11.351563 11.351562-11.351563 6.261719 0 11.355469 5.089844 11.355469 11.351563 0 6.257812-5.09375 11.351562-11.355469 11.351562zm0 0\"><\/path><\/svg>\t\t\t<\/a>\n\t\t<\/div>\n\t\t\t\t\t\t<\/div>\n\t\t\t\t<\/div>\n\t\t\t\t\t<\/div>\n\t\t<\/div>\n\t\t\t\t<div class=\"aux-parallax-section elementor-column elementor-col-33 elementor-inner-column elementor-element elementor-element-a211158\" data-id=\"a211158\" data-element_type=\"column\">\n\t\t\t<div class=\"elementor-widget-wrap elementor-element-populated\">\n\t\t\t\t\t\t<div class=\"elementor-element elementor-element-e11a0da elementor-view-default elementor-invisible elementor-widget elementor-widget-icon\" data-id=\"e11a0da\" data-element_type=\"widget\" data-settings=\"{&quot;_animation&quot;:&quot;fadeIn&quot;}\" data-widget_type=\"icon.default\">\n\t\t\t\t<div class=\"elementor-widget-container\">\n\t\t\t\t\t\t\t<div class=\"elementor-icon-wrapper\">\n\t\t\t<a class=\"elementor-icon\" href=\"mailto:sales@vagabondbudapest.com\">\n\t\t\t<svg xmlns=\"http:\/\/www.w3.org\/2000\/svg\" id=\"Capa_1\" height=\"512\" viewBox=\"0 0 479.058 479.058\" width=\"512\"><path d=\"m434.146 59.882h-389.234c-24.766 0-44.912 20.146-44.912 44.912v269.47c0 24.766 20.146 44.912 44.912 44.912h389.234c24.766 0 44.912-20.146 44.912-44.912v-269.47c0-24.766-20.146-44.912-44.912-44.912zm0 29.941c2.034 0 3.969.422 5.738 1.159l-200.355 173.649-200.356-173.649c1.769-.736 3.704-1.159 5.738-1.159zm0 299.411h-389.234c-8.26 0-14.971-6.71-14.971-14.971v-251.648l199.778 173.141c2.822 2.441 6.316 3.655 9.81 3.655s6.988-1.213 9.81-3.655l199.778-173.141v251.649c-.001 8.26-6.711 14.97-14.971 14.97z\"><\/path><\/svg>\t\t\t<\/a>\n\t\t<\/div>\n\t\t\t\t\t\t<\/div>\n\t\t\t\t<\/div>\n\t\t\t\t\t<\/div>\n\t\t<\/div>\n\t\t\t\t\t<\/div>\n\t\t<\/section>\n\t\t\t\t<div class=\"elementor-element elementor-element-1f381abc elementor-invisible elementor-widget elementor-widget-aux_modern_heading\" data-id=\"1f381abc\" data-element_type=\"widget\" data-settings=\"{&quot;_animation&quot;:&quot;fadeInRight&quot;}\" data-widget_type=\"aux_modern_heading.default\">\n\t\t\t\t<div class=\"elementor-widget-container\">\n\t\t\t\t\t<section class=\"aux-widget-modern-heading\">\n            <div class=\"aux-widget-inner\"><a href=\"https:\/\/vagabondbudapest.com\/#hotels\" class=\"aux-modern-heading-primary-link\"><h2 class=\"aux-modern-heading-primary\">HELYSZ\u00cdNEK<\/h2><\/a><div class=\"aux-modern-heading-divider\"><\/div><\/div>\n        <\/section>\t\t\t\t<\/div>\n\t\t\t\t<\/div>\n\t\t\t\t<section class=\"elementor-section elementor-inner-section elementor-element elementor-element-224934e6 elementor-section-boxed elementor-section-height-default elementor-section-height-default\" data-id=\"224934e6\" data-element_type=\"section\">\n\t\t\t\t\t\t<div class=\"elementor-container elementor-column-gap-default\">\n\t\t\t\t\t<div class=\"aux-parallax-section elementor-column elementor-col-100 elementor-inner-column elementor-element elementor-element-5a8d16fc\" data-id=\"5a8d16fc\" data-element_type=\"column\">\n\t\t\t<div class=\"elementor-widget-wrap elementor-element-populated\">\n\t\t\t\t\t\t<div class=\"elementor-element elementor-element-98ddd56 elementor-invisible elementor-widget elementor-widget-aux_modern_heading\" data-id=\"98ddd56\" data-element_type=\"widget\" data-settings=\"{&quot;_animation&quot;:&quot;fadeInRight&quot;,&quot;_animation_delay&quot;:200}\" data-widget_type=\"aux_modern_heading.default\">\n\t\t\t\t<div class=\"elementor-widget-container\">\n\t\t\t\t\t<section class=\"aux-widget-modern-heading\">\n            <div class=\"aux-widget-inner\"><a href=\"https:\/\/vagabondbudapest.com\/szolgaltatasaink\/\" class=\"aux-modern-heading-primary-link\"><h2 class=\"aux-modern-heading-primary\">SZOLG\u00c1LTAT\u00c1SAINK<\/h2><\/a><div class=\"aux-modern-heading-divider\"><\/div><\/div>\n        <\/section>\t\t\t\t<\/div>\n\t\t\t\t<\/div>\n\t\t\t\t<div class=\"elementor-element elementor-element-79fdb96b elementor-invisible elementor-widget elementor-widget-aux_modern_heading\" data-id=\"79fdb96b\" data-element_type=\"widget\" data-settings=\"{&quot;_animation&quot;:&quot;fadeInRight&quot;,&quot;_animation_delay&quot;:400}\" data-widget_type=\"aux_modern_heading.default\">\n\t\t\t\t<div class=\"elementor-widget-container\">\n\t\t\t\t\t<section class=\"aux-widget-modern-heading\">\n            <div class=\"aux-widget-inner\"><a href=\"https:\/\/vagabondbudapest.com\/tortenetunk\/\" class=\"aux-modern-heading-primary-link\"><h2 class=\"aux-modern-heading-primary\">T\u00d6RT\u00c9NET\u00dcNK<\/h2><\/a><div class=\"aux-modern-heading-divider\"><\/div><\/div>\n        <\/section>\t\t\t\t<\/div>\n\t\t\t\t<\/div>\n\t\t\t\t<div class=\"elementor-element elementor-element-62c4c1d9 elementor-invisible elementor-widget elementor-widget-aux_modern_heading\" data-id=\"62c4c1d9\" data-element_type=\"widget\" data-settings=\"{&quot;_animation&quot;:&quot;fadeInRight&quot;,&quot;_animation_delay&quot;:600}\" data-widget_type=\"aux_modern_heading.default\">\n\t\t\t\t<div class=\"elementor-widget-container\">\n\t\t\t\t\t<section class=\"aux-widget-modern-heading\">\n            <div class=\"aux-widget-inner\"><a href=\"https:\/\/vagabondbudapest.com\/karrier\/\" class=\"aux-modern-heading-primary-link\"><h2 class=\"aux-modern-heading-primary\">Karrier<\/h2><\/a><div class=\"aux-modern-heading-divider\"><\/div><\/div>\n        <\/section>\t\t\t\t<\/div>\n\t\t\t\t<\/div>\n\t\t\t\t<div class=\"elementor-element elementor-element-4717fdfd elementor-invisible elementor-widget elementor-widget-aux_modern_heading\" data-id=\"4717fdfd\" data-element_type=\"widget\" data-settings=\"{&quot;_animation&quot;:&quot;fadeInRight&quot;,&quot;_animation_delay&quot;:800}\" data-widget_type=\"aux_modern_heading.default\">\n\t\t\t\t<div class=\"elementor-widget-container\">\n\t\t\t\t\t<section class=\"aux-widget-modern-heading\">\n            <div class=\"aux-widget-inner\"><a href=\"https:\/\/vagabondbudapest.com\/kapcsolat\/\" class=\"aux-modern-heading-primary-link\"><h2 class=\"aux-modern-heading-primary\">Kapcsolat<\/h2><\/a><\/div>\n        <\/section>\t\t\t\t<\/div>\n\t\t\t\t<\/div>\n\t\t\t\t\t<\/div>\n\t\t<\/div>\n\t\t\t\t\t<\/div>\n\t\t<\/section>\n\t\t\t\t\t<\/div>\n\t\t<\/div>\n\t\t\t\t\t<\/div>\n\t\t<\/section>\n\t\t\t\t<section class=\"elementor-section elementor-top-section elementor-element elementor-element-42a4e22c elementor-section-stretched elementor-section-full_width elementor-section-height-min-height elementor-section-height-default elementor-section-items-middle\" data-id=\"42a4e22c\" data-element_type=\"section\" id=\"hotel-management\" data-settings=\"{&quot;stretch_section&quot;:&quot;section-stretched&quot;,&quot;background_background&quot;:&quot;classic&quot;}\">\n\t\t\t\t\t\t\t<div class=\"elementor-background-overlay\"><\/div>\n\t\t\t\t\t\t\t<div class=\"elementor-container elementor-column-gap-no\">\n\t\t\t\t\t<div class=\"aux-parallax-section elementor-column elementor-col-50 elementor-top-column elementor-element elementor-element-269a48bc animated-slow elementor-invisible\" data-id=\"269a48bc\" data-element_type=\"column\" data-settings=\"{&quot;background_background&quot;:&quot;classic&quot;,&quot;animation&quot;:&quot;fadeIn&quot;,&quot;animation_delay&quot;:200}\">\n\t\t\t<div class=\"elementor-widget-wrap elementor-element-populated\">\n\t\t\t\t\t\t<div class=\"elementor-element elementor-element-45896e02 elementor-widget elementor-widget-image\" data-id=\"45896e02\" data-element_type=\"widget\" data-widget_type=\"image.default\">\n\t\t\t\t<div class=\"elementor-widget-container\">\n\t\t\t\t\t\t\t\t\t\t\t\t\t\t\t<img fetchpriority=\"high\" decoding=\"async\" width=\"1000\" height=\"667\" src=\"https:\/\/vagabondbudapest.com\/wp-content\/uploads\/2021\/05\/recepcios-02.jpg\" class=\"elementor-animation-shrink attachment-full size-full wp-image-789\" alt=\"\" \/>\t\t\t\t\t\t\t\t\t\t\t\t\t\t\t<\/div>\n\t\t\t\t<\/div>\n\t\t\t\t\t<\/div>\n\t\t<\/div>\n\t\t\t\t<div class=\"aux-parallax-section elementor-column elementor-col-50 elementor-top-column elementor-element elementor-element-584263dd elementor-invisible\" data-id=\"584263dd\" data-element_type=\"column\" data-settings=\"{&quot;background_background&quot;:&quot;classic&quot;,&quot;animation&quot;:&quot;slideInRight&quot;}\">\n\t\t\t<div class=\"elementor-widget-wrap elementor-element-populated\">\n\t\t\t\t\t\t<section class=\"elementor-section elementor-inner-section elementor-element elementor-element-17c6348a elementor-section-boxed elementor-section-height-default elementor-section-height-default\" data-id=\"17c6348a\" data-element_type=\"section\">\n\t\t\t\t\t\t<div class=\"elementor-container elementor-column-gap-default\">\n\t\t\t\t\t<div class=\"aux-parallax-section elementor-column elementor-col-100 elementor-inner-column elementor-element elementor-element-7352fb94\" data-id=\"7352fb94\" data-element_type=\"column\">\n\t\t\t<div class=\"elementor-widget-wrap elementor-element-populated\">\n\t\t\t\t\t\t<div class=\"elementor-element elementor-element-64a5f22a elementor-widget elementor-widget-heading\" data-id=\"64a5f22a\" data-element_type=\"widget\" data-widget_type=\"heading.default\">\n\t\t\t\t<div class=\"elementor-widget-container\">\n\t\t\t\t\t<h2 class=\"elementor-heading-title elementor-size-default\">R\u00f3lunk<\/h2>\t\t\t\t<\/div>\n\t\t\t\t<\/div>\n\t\t\t\t<div class=\"elementor-element elementor-element-63203ed7 elementor-widget elementor-widget-text-editor\" data-id=\"63203ed7\" data-element_type=\"widget\" data-widget_type=\"text-editor.default\">\n\t\t\t\t<div class=\"elementor-widget-container\">\n\t\t\t\t\t\t\t\t\t<p>A Vagabond Group csoport\u00a0 magas sz\u00ednvonal\u00fa szolg\u00e1ltat\u00e1sokat biztos\u00edt pihen\u00e9sre v\u00e1gy\u00f3 vend\u00e9geinek Budapest belv\u00e1ros\u00e1ban. Vend\u00e9geink az egy\u00e1gyas hangulatos szob\u00e1kt\u00f3l eg\u00e9szen a leny\u0171g\u00f6z\u0151 lakoszt\u00e1lyig foglalhatnak ig\u00e9nyeik szerint.<\/p>\t\t\t\t\t\t\t\t<\/div>\n\t\t\t\t<\/div>\n\t\t\t\t\t<\/div>\n\t\t<\/div>\n\t\t\t\t\t<\/div>\n\t\t<\/section>\n\t\t\t\t\t<\/div>\n\t\t<\/div>\n\t\t\t\t\t<\/div>\n\t\t<\/section>\n\t\t\t\t<section class=\"elementor-section elementor-top-section elementor-element elementor-element-f1fce94 elementor-section-stretched elementor-section-full_width elementor-section-height-min-height elementor-section-height-default elementor-section-items-middle\" data-id=\"f1fce94\" data-element_type=\"section\" data-settings=\"{&quot;stretch_section&quot;:&quot;section-stretched&quot;,&quot;background_background&quot;:&quot;classic&quot;}\">\n\t\t\t\t\t\t\t<div class=\"elementor-background-overlay\"><\/div>\n\t\t\t\t\t\t\t<div class=\"elementor-container elementor-column-gap-no\">\n\t\t\t\t\t<div class=\"aux-parallax-section elementor-column elementor-col-50 elementor-top-column elementor-element elementor-element-85301cf elementor-invisible\" data-id=\"85301cf\" data-element_type=\"column\" data-settings=\"{&quot;background_background&quot;:&quot;classic&quot;,&quot;animation&quot;:&quot;slideInRight&quot;}\">\n\t\t\t<div class=\"elementor-widget-wrap\">\n\t\t\t\t\t\t\t<\/div>\n\t\t<\/div>\n\t\t\t\t<div class=\"aux-parallax-section elementor-column elementor-col-50 elementor-top-column elementor-element elementor-element-73ca7dc elementor-invisible\" data-id=\"73ca7dc\" data-element_type=\"column\" data-settings=\"{&quot;background_background&quot;:&quot;classic&quot;,&quot;animation&quot;:&quot;slideInRight&quot;}\">\n\t\t\t<div class=\"elementor-widget-wrap\">\n\t\t\t\t\t\t\t<\/div>\n\t\t<\/div>\n\t\t\t\t\t<\/div>\n\t\t<\/section>\n\t\t\t\t<section class=\"elementor-section elementor-top-section elementor-element elementor-element-6832fd0 elementor-section-stretched elementor-section-full_width elementor-section-height-min-height elementor-section-height-default elementor-section-items-middle\" data-id=\"6832fd0\" data-element_type=\"section\" data-settings=\"{&quot;stretch_section&quot;:&quot;section-stretched&quot;,&quot;background_background&quot;:&quot;classic&quot;}\">\n\t\t\t\t\t\t\t<div class=\"elementor-background-overlay\"><\/div>\n\t\t\t\t\t\t\t<div class=\"elementor-container elementor-column-gap-no\">\n\t\t\t\t\t<div class=\"aux-parallax-section elementor-column elementor-col-100 elementor-top-column elementor-element elementor-element-91663b7 elementor-invisible\" data-id=\"91663b7\" data-element_type=\"column\" data-settings=\"{&quot;background_background&quot;:&quot;classic&quot;,&quot;animation&quot;:&quot;slideInRight&quot;}\">\n\t\t\t<div class=\"elementor-widget-wrap elementor-element-populated\">\n\t\t\t\t\t\t<section class=\"elementor-section elementor-inner-section elementor-element elementor-element-8f27a75 elementor-section-content-top elementor-section-boxed elementor-section-height-default elementor-section-height-default\" data-id=\"8f27a75\" data-element_type=\"section\">\n\t\t\t\t\t\t<div class=\"elementor-container elementor-column-gap-default\">\n\t\t\t\t\t<div class=\"aux-parallax-section elementor-column elementor-col-100 elementor-inner-column elementor-element elementor-element-83fd633\" data-id=\"83fd633\" data-element_type=\"column\">\n\t\t\t<div class=\"elementor-widget-wrap elementor-element-populated\">\n\t\t\t\t\t\t<div class=\"elementor-element elementor-element-d9e82fa elementor-widget elementor-widget-heading\" data-id=\"d9e82fa\" data-element_type=\"widget\" data-widget_type=\"heading.default\">\n\t\t\t\t<div class=\"elementor-widget-container\">\n\t\t\t\t\t<h2 class=\"elementor-heading-title elementor-size-default\">Munkav\u00e9gz\u00e9s helye:<\/h2>\t\t\t\t<\/div>\n\t\t\t\t<\/div>\n\t\t\t\t<div class=\"elementor-element elementor-element-02da92b elementor-widget elementor-widget-text-editor\" data-id=\"02da92b\" data-element_type=\"widget\" data-widget_type=\"text-editor.default\">\n\t\t\t\t<div class=\"elementor-widget-container\">\n\t\t\t\t\t\t\t\t\t<p>Budapest belv\u00e1rosa<\/p><p>Jelentkez\u00e9seket f\u00e9nyk\u00e9pes angol \u00e9s magyar nyelv\u0171 \u00f6n\u00e9letrajzzal v\u00e1rjuk a <a href=\"mailto:career@budapestroom.com\">career@budapestroom.com<\/a> e-mail c\u00edmre!<\/p>\t\t\t\t\t\t\t\t<\/div>\n\t\t\t\t<\/div>\n\t\t\t\t\t<\/div>\n\t\t<\/div>\n\t\t\t\t\t<\/div>\n\t\t<\/section>\n\t\t\t\t\t<\/div>\n\t\t<\/div>\n\t\t\t\t\t<\/div>\n\t\t<\/section>\n\t\t\t\t<section class=\"elementor-section elementor-top-section elementor-element elementor-element-15ba2a9c elementor-section-stretched elementor-section-boxed elementor-section-height-default elementor-section-height-default\" data-id=\"15ba2a9c\" data-element_type=\"section\" data-settings=\"{&quot;stretch_section&quot;:&quot;section-stretched&quot;,&quot;background_background&quot;:&quot;classic&quot;}\">\n\t\t\t\t\t\t<div class=\"elementor-container elementor-column-gap-no\">\n\t\t\t\t\t<div class=\"aux-parallax-section elementor-column elementor-col-100 elementor-top-column elementor-element elementor-element-6a86d069\" data-id=\"6a86d069\" data-element_type=\"column\">\n\t\t\t<div class=\"elementor-widget-wrap\">\n\t\t\t\t\t\t\t<\/div>\n\t\t<\/div>\n\t\t\t\t\t<\/div>\n\t\t<\/section>\n\t\t\t\t<\/div>\n\t\t","protected":false},"excerpt":{"rendered":"<p>HELYSZ\u00cdNEK SZOLG\u00c1LTAT\u00c1SAINK T\u00d6RT\u00c9NET\u00dcNK Karrier Kapcsolat R\u00f3lunk A Vagabond Group csoport\u00a0 magas sz\u00ednvonal\u00fa szolg\u00e1ltat\u00e1sokat biztos\u00edt pihen\u00e9sre v\u00e1gy\u00f3 vend\u00e9geinek Budapest belv\u00e1ros\u00e1ban. Vend\u00e9geink az egy\u00e1gyas hangulatos szob\u00e1kt\u00f3l eg\u00e9szen a leny\u0171g\u00f6z\u0151 lakoszt\u00e1lyig foglalhatnak ig\u00e9nyeik szerint. Munkav\u00e9gz\u00e9s helye: Budapest belv\u00e1rosa Jelentkez\u00e9seket f\u00e9nyk\u00e9pes angol \u00e9s magyar nyelv\u0171 \u00f6n\u00e9letrajzzal v\u00e1rjuk a career@budapestroom.com e-mail c\u00edmre!<\/p>\n","protected":false},"author":1,"featured_media":791,"parent":0,"menu_order":0,"comment_status":"closed","ping_status":"closed","template":"","meta":{"footnotes":""},"class_list":["post-779","page","type-page","status-publish","has-post-thumbnail","hentry"],"aioseo_notices":[],"_links":{"self":[{"href":"https:\/\/vagabondbudapest.com\/hu\/wp-json\/wp\/v2\/pages\/779","targetHints":{"allow":["GET"]}}],"collection":[{"href":"https:\/\/vagabondbudapest.com\/hu\/wp-json\/wp\/v2\/pages"}],"about":[{"href":"https:\/\/vagabondbudapest.com\/hu\/wp-json\/wp\/v2\/types\/page"}],"author":[{"embeddable":true,"href":"https:\/\/vagabondbudapest.com\/hu\/wp-json\/wp\/v2\/users\/1"}],"replies":[{"embeddable":true,"href":"https:\/\/vagabondbudapest.com\/hu\/wp-json\/wp\/v2\/comments?post=779"}],"version-history":[{"count":15,"href":"https:\/\/vagabondbudapest.com\/hu\/wp-json\/wp\/v2\/pages\/779\/revisions"}],"predecessor-version":[{"id":2047,"href":"https:\/\/vagabondbudapest.com\/hu\/wp-json\/wp\/v2\/pages\/779\/revisions\/2047"}],"wp:featuredmedia":[{"embeddable":true,"href":"https:\/\/vagabondbudapest.com\/hu\/wp-json\/wp\/v2\/media\/791"}],"wp:attachment":[{"href":"https:\/\/vagabondbudapest.com\/hu\/wp-json\/wp\/v2\/media?parent=779"}],"curies":[{"name":"wp","href":"https:\/\/api.w.org\/{rel}","templated":true}]}}